{"id":12206,"date":"2024-07-06T19:22:45","date_gmt":"2024-07-06T22:22:45","guid":{"rendered":"https:\/\/despachatur.com.br\/lets-keep-in-touch\/"},"modified":"2024-07-06T19:22:45","modified_gmt":"2024-07-06T22:22:45","slug":"mantengamonos-en-contacto","status":"publish","type":"page","link":"https:\/\/despachatur.com.br\/es\/mantengamonos-en-contacto\/","title":{"rendered":"Manteng\u00e1monos en contacto"},"content":{"rendered":"<p>Hola <span id=\"bwfan_contact_name\">John<\/span> <\/p>\n<p>Ay\u00fadanos a mejorar tu experiencia con nosotros a trav\u00e9s de una mejor comunicaci\u00f3n. Por favor ajuste sus preferencias de correo electr\u00f3nico <span id=\"bwfan_contact_email\">john@example.com<\/span>. <\/p>\n<p>.<\/p>","protected":false},"excerpt":{"rendered":"<p>Hola Ay\u00fadanos a mejorar tu experiencia con nosotros a trav\u00e9s de una mejor comunicaci\u00f3n. Por favor, ajuste sus preferencias de correo electr\u00f3nico. .<\/p>","protected":false},"author":1,"featured_media":0,"parent":0,"menu_order":0,"comment_status":"closed","ping_status":"closed","template":"","meta":{"footnotes":""},"class_list":["post-12206","page","type-page","status-publish","hentry"],"_links":{"self":[{"href":"https:\/\/despachatur.com.br\/es\/wp-json\/wp\/v2\/pages\/12206","targetHints":{"allow":["GET"]}}],"collection":[{"href":"https:\/\/despachatur.com.br\/es\/wp-json\/wp\/v2\/pages"}],"about":[{"href":"https:\/\/despachatur.com.br\/es\/wp-json\/wp\/v2\/types\/page"}],"author":[{"embeddable":true,"href":"https:\/\/despachatur.com.br\/es\/wp-json\/wp\/v2\/users\/1"}],"replies":[{"embeddable":true,"href":"https:\/\/despachatur.com.br\/es\/wp-json\/wp\/v2\/comments?post=12206"}],"version-history":[{"count":0,"href":"https:\/\/despachatur.com.br\/es\/wp-json\/wp\/v2\/pages\/12206\/revisions"}],"wp:attachment":[{"href":"https:\/\/despachatur.com.br\/es\/wp-json\/wp\/v2\/media?parent=12206"}],"curies":[{"name":"gracias","href":"https:\/\/api.w.org\/{rel}","templated":true}]}}