{"id":10780,"date":"2024-02-21T17:08:49","date_gmt":"2024-02-21T20:08:49","guid":{"rendered":"https:\/\/despachatur.com.br\/?post_type=product&#038;p=10780"},"modified":"2024-07-17T11:26:46","modified_gmt":"2024-07-17T14:26:46","slug":"turismo-y-negocios-en-estados-unidos","status":"publish","type":"product","link":"https:\/\/despachatur.com.br\/es\/almacenar\/turismo-y-negocios-en-estados-unidos\/","title":{"rendered":"Estados Unidos \u2013 Turismo y Negocios"},"content":{"rendered":"","protected":false},"excerpt":{"rendered":"<p>Se requieren visas para viajes temporales a los Estados Unidos que incluyen turismo, negocios, trabajo temporal, estudio e intercambio.<\/p>\n<p>Todos los brasile\u00f1os requieren una visa para visitar Estados Unidos, incluidos los pasajeros en tr\u00e1nsito que realizan una conexi\u00f3n internacional.<\/p>\n<p>Tenga la seguridad de que Despachatur se encargar\u00e1 de cada paso del proceso por usted. Somos la empresa m\u00e1s antigua de Brasil con m\u00e1s de 50 a\u00f1os de experiencia y 3.000.000 de visas aprobadas.<\/p>","protected":false},"featured_media":7846,"template":"","meta":[],"product_brand":[],"product_cat":[213],"product_tag":[],"class_list":{"0":"post-10780","1":"product","2":"type-product","3":"status-publish","4":"has-post-thumbnail","6":"product_cat-visto-americano","8":"first","9":"instock","10":"shipping-taxable","11":"purchasable","12":"product-type-simple"},"_links":{"self":[{"href":"https:\/\/despachatur.com.br\/es\/wp-json\/wp\/v2\/product\/10780","targetHints":{"allow":["GET"]}}],"collection":[{"href":"https:\/\/despachatur.com.br\/es\/wp-json\/wp\/v2\/product"}],"about":[{"href":"https:\/\/despachatur.com.br\/es\/wp-json\/wp\/v2\/types\/product"}],"wp:featuredmedia":[{"embeddable":true,"href":"https:\/\/despachatur.com.br\/es\/wp-json\/wp\/v2\/media\/7846"}],"wp:attachment":[{"href":"https:\/\/despachatur.com.br\/es\/wp-json\/wp\/v2\/media?parent=10780"}],"wp:term":[{"taxonomy":"product_brand","embeddable":true,"href":"https:\/\/despachatur.com.br\/es\/wp-json\/wp\/v2\/product_brand?post=10780"},{"taxonomy":"product_cat","embeddable":true,"href":"https:\/\/despachatur.com.br\/es\/wp-json\/wp\/v2\/product_cat?post=10780"},{"taxonomy":"product_tag","embeddable":true,"href":"https:\/\/despachatur.com.br\/es\/wp-json\/wp\/v2\/product_tag?post=10780"}],"curies":[{"name":"gracias","href":"https:\/\/api.w.org\/{rel}","templated":true}]}}