{"id":12206,"date":"2024-07-06T19:22:45","date_gmt":"2024-07-06T22:22:45","guid":{"rendered":"https:\/\/despachatur.com.br\/lets-keep-in-touch\/"},"modified":"2024-07-06T19:22:45","modified_gmt":"2024-07-06T22:22:45","slug":"restons-en-contact","status":"publish","type":"page","link":"https:\/\/despachatur.com.br\/fr\/restons-en-contact\/","title":{"rendered":"Restons en contact"},"content":{"rendered":"<p>Salut <span id=\"bwfan_contact_name\">John<\/span> <\/p>\n<p>Aidez-nous \u00e0 am\u00e9liorer votre exp\u00e9rience avec nous gr\u00e2ce \u00e0 une meilleure communication. Veuillez ajuster vos pr\u00e9f\u00e9rences pour le courrier \u00e9lectronique <span id=\"bwfan_contact_email\">john@example.com<\/span>. <\/p>\n<p>.<\/p>","protected":false},"excerpt":{"rendered":"<p>Bonjour Aidez-nous \u00e0 am\u00e9liorer votre exp\u00e9rience avec nous gr\u00e2ce \u00e0 une meilleure communication. Veuillez ajuster vos pr\u00e9f\u00e9rences pour le courrier \u00e9lectronique. .<\/p>","protected":false},"author":1,"featured_media":0,"parent":0,"menu_order":0,"comment_status":"closed","ping_status":"closed","template":"","meta":{"footnotes":""},"class_list":["post-12206","page","type-page","status-publish","hentry"],"_links":{"self":[{"href":"https:\/\/despachatur.com.br\/fr\/wp-json\/wp\/v2\/pages\/12206","targetHints":{"allow":["GET"]}}],"collection":[{"href":"https:\/\/despachatur.com.br\/fr\/wp-json\/wp\/v2\/pages"}],"about":[{"href":"https:\/\/despachatur.com.br\/fr\/wp-json\/wp\/v2\/types\/page"}],"author":[{"embeddable":true,"href":"https:\/\/despachatur.com.br\/fr\/wp-json\/wp\/v2\/users\/1"}],"replies":[{"embeddable":true,"href":"https:\/\/despachatur.com.br\/fr\/wp-json\/wp\/v2\/comments?post=12206"}],"version-history":[{"count":0,"href":"https:\/\/despachatur.com.br\/fr\/wp-json\/wp\/v2\/pages\/12206\/revisions"}],"wp:attachment":[{"href":"https:\/\/despachatur.com.br\/fr\/wp-json\/wp\/v2\/media?parent=12206"}],"curies":[{"name":"wp","href":"https:\/\/api.w.org\/{rel}","templated":true}]}}