{"id":10780,"date":"2024-02-21T17:08:49","date_gmt":"2024-02-21T20:08:49","guid":{"rendered":"https:\/\/despachatur.com.br\/?post_type=product&#038;p=10780"},"modified":"2024-07-17T11:26:46","modified_gmt":"2024-07-17T14:26:46","slug":"tourisme-et-affaires-aux-etats-unis","status":"publish","type":"product","link":"https:\/\/despachatur.com.br\/fr\/magasin\/tourisme-et-affaires-aux-etats-unis\/","title":{"rendered":"\u00c9tats-Unis \u2013 Tourisme et affaires"},"content":{"rendered":"","protected":false},"excerpt":{"rendered":"<p>Des visas sont requis pour les voyages temporaires aux \u00c9tats-Unis qui incluent le tourisme, les affaires, le travail temporaire, les \u00e9tudes et les \u00e9changes.<\/p>\n<p>Tous les Br\u00e9siliens ont besoin d&#039;un visa pour visiter les \u00c9tats-Unis, y compris les passagers en transit effectuant une correspondance internationale.<\/p>\n<p>Rassurez-vous, Despachatur s&#039;occupera de chaque \u00e9tape du processus pour vous. Nous sommes la plus ancienne entreprise du Br\u00e9sil avec plus de 50 ans d&#039;exp\u00e9rience et 3 000 000 de visas approuv\u00e9s.<\/p>","protected":false},"featured_media":7846,"template":"","meta":[],"product_brand":[],"product_cat":[213],"product_tag":[],"class_list":{"0":"post-10780","1":"product","2":"type-product","3":"status-publish","4":"has-post-thumbnail","6":"product_cat-visto-americano","8":"first","9":"instock","10":"shipping-taxable","11":"purchasable","12":"product-type-simple"},"_links":{"self":[{"href":"https:\/\/despachatur.com.br\/fr\/wp-json\/wp\/v2\/product\/10780","targetHints":{"allow":["GET"]}}],"collection":[{"href":"https:\/\/despachatur.com.br\/fr\/wp-json\/wp\/v2\/product"}],"about":[{"href":"https:\/\/despachatur.com.br\/fr\/wp-json\/wp\/v2\/types\/product"}],"wp:featuredmedia":[{"embeddable":true,"href":"https:\/\/despachatur.com.br\/fr\/wp-json\/wp\/v2\/media\/7846"}],"wp:attachment":[{"href":"https:\/\/despachatur.com.br\/fr\/wp-json\/wp\/v2\/media?parent=10780"}],"wp:term":[{"taxonomy":"product_brand","embeddable":true,"href":"https:\/\/despachatur.com.br\/fr\/wp-json\/wp\/v2\/product_brand?post=10780"},{"taxonomy":"product_cat","embeddable":true,"href":"https:\/\/despachatur.com.br\/fr\/wp-json\/wp\/v2\/product_cat?post=10780"},{"taxonomy":"product_tag","embeddable":true,"href":"https:\/\/despachatur.com.br\/fr\/wp-json\/wp\/v2\/product_tag?post=10780"}],"curies":[{"name":"wp","href":"https:\/\/api.w.org\/{rel}","templated":true}]}}